{"id":1712,"date":"2009-09-18T12:58:42","date_gmt":"2009-09-18T10:58:42","guid":{"rendered":"http:\/\/deleet.dk\/?page_id=1712"},"modified":"2014-03-20T14:32:59","modified_gmt":"2014-03-20T13:32:59","slug":"oversigt-over-grammatiske-termer","status":"publish","type":"page","link":"https:\/\/emilkirkegaard.dk\/da\/?page_id=1712","title":{"rendered":"Oversigt over grammatiske termer"},"content":{"rendered":"<p>En tabel der viser hvad de forskellige ord hedder p\u00e5 de forskellige &#8216;sprog&#8217;. Listen er udarbejdet efter AIA (se Referencer). Jeg for fors\u00f8gt at overs\u00e6tte disse til engelsk hvor det var muligt. De tomme felter angiver ikke at der ikke findes noget engelsk term, men blot at jeg ikke kender et\/det engelske term for det.<\/p>\n<table width=\"495\" border=\"1\" cellspacing=\"0\" cellpadding=\"4\">\n<colgroup>\n<col width=\"162\" \/>\n<col width=\"158\" \/>\n<col width=\"149\" \/><\/colgroup>\n<tbody>\n<tr valign=\"TOP\">\n<td width=\"162\"><strong>Latin\/latin-agtigt dansk<\/strong><\/td>\n<td width=\"158\"><strong>Dansk<\/strong><\/td>\n<td width=\"149\">\n<p lang=\"en-US\"><strong>English<\/strong><\/p>\n<\/td>\n<\/tr>\n<tr valign=\"TOP\">\n<td width=\"162\">Adjektiv<\/td>\n<td width=\"158\">Till\u00e6gsord<\/td>\n<td width=\"149\">\n<p lang=\"en-US\">Adjective<\/p>\n<\/td>\n<\/tr>\n<tr valign=\"TOP\">\n<td width=\"162\">Adverbialled<\/td>\n<td width=\"158\">Biled<\/td>\n<td width=\"149\"><\/td>\n<\/tr>\n<tr valign=\"TOP\">\n<td width=\"162\">Adverbium<\/td>\n<td width=\"158\">Biord<\/td>\n<td width=\"149\">\n<p lang=\"en-US\">Adverb<\/p>\n<\/td>\n<\/tr>\n<tr valign=\"TOP\">\n<td width=\"162\">Akkusativ<\/td>\n<td width=\"158\">Genstandsfald eller -led<\/td>\n<td width=\"149\">\n<p lang=\"en-US\">Accusative (case)<\/p>\n<\/td>\n<\/tr>\n<tr valign=\"TOP\">\n<td width=\"162\">Artikel<\/td>\n<td width=\"158\">Kendeord<\/td>\n<td width=\"149\">\n<p lang=\"en-US\">Article<\/p>\n<\/td>\n<\/tr>\n<tr valign=\"TOP\">\n<td width=\"162\">Artikel \u2013 bestemt<\/td>\n<td width=\"158\">Bestemte kendeord<\/td>\n<td width=\"149\">\n<p lang=\"en-US\">The definite article<\/p>\n<\/td>\n<\/tr>\n<tr valign=\"TOP\">\n<td width=\"162\">Artikel \u2013 ubestemt<\/td>\n<td width=\"158\">Ubestemte kendeord<\/td>\n<td width=\"149\">\n<p lang=\"en-US\">The indefinite article<\/p>\n<\/td>\n<\/tr>\n<tr valign=\"TOP\">\n<td width=\"162\">Appellativ<\/td>\n<td width=\"158\">F\u00e6llesnavn<\/td>\n<td width=\"149\">\n<p lang=\"en-US\">Common noun<\/p>\n<\/td>\n<\/tr>\n<tr valign=\"TOP\">\n<td width=\"162\">Dativ<\/td>\n<td width=\"158\">Hensynsfald eller -led<\/td>\n<td width=\"149\">\n<p lang=\"en-US\">The dative (case)<\/p>\n<\/td>\n<\/tr>\n<tr valign=\"TOP\">\n<td width=\"162\">Femininum<\/td>\n<td width=\"158\">hunk\u00f8n<\/td>\n<td width=\"149\">\n<p lang=\"en-US\">The feminine (gender)<\/p>\n<\/td>\n<\/tr>\n<tr valign=\"TOP\">\n<td width=\"162\">Futurum<\/td>\n<td width=\"158\">Fremtid<\/td>\n<td width=\"149\">\n<p lang=\"en-US\">The future (tense)<\/p>\n<\/td>\n<\/tr>\n<tr valign=\"TOP\">\n<td width=\"162\">Genitiv<\/td>\n<td width=\"158\">Ejefald<\/td>\n<td width=\"149\">\n<p lang=\"en-US\">The genitive<\/p>\n<\/td>\n<\/tr>\n<tr valign=\"TOP\">\n<td width=\"162\">Imperativ<\/td>\n<td width=\"158\">Bydem\u00e5de<\/td>\n<td width=\"149\">\n<p lang=\"en-US\">The imperative (mood)<\/p>\n<\/td>\n<\/tr>\n<tr valign=\"TOP\">\n<td width=\"162\">Infinitiv<\/td>\n<td width=\"158\">Navneform<\/td>\n<td width=\"149\"><\/td>\n<\/tr>\n<tr valign=\"TOP\">\n<td width=\"162\">Kasus<\/td>\n<td width=\"158\">Fald<\/td>\n<td width=\"149\">\n<p lang=\"en-US\">Case<\/p>\n<\/td>\n<\/tr>\n<tr valign=\"TOP\">\n<td width=\"162\">Komparation<\/td>\n<td width=\"158\">2. gradb\u00f8jning<\/td>\n<td width=\"149\">\n<p lang=\"en-US\">Comparative (degree)<\/p>\n<\/td>\n<\/tr>\n<tr valign=\"TOP\">\n<td width=\"162\">Konjunktion<a href=\"#sdfootnote1sym\"><sup>1<\/sup><\/a><\/td>\n<td width=\"158\">Bindeord<\/td>\n<td width=\"149\">\n<p lang=\"en-US\">Conjunction<a href=\"#sdfootnote2sym\"><sup>2<\/sup><\/a><\/p>\n<\/td>\n<\/tr>\n<tr valign=\"TOP\">\n<td width=\"162\">Konjunktiv<\/td>\n<td width=\"158\">\u00d8nskem\u00e5de<\/td>\n<td width=\"149\"><\/td>\n<\/tr>\n<tr valign=\"TOP\">\n<td width=\"162\">Maskulinum<\/td>\n<td width=\"158\">Hank\u00f8n<\/td>\n<td width=\"149\">\n<p lang=\"en-US\">The male (gender)<\/p>\n<\/td>\n<\/tr>\n<tr valign=\"TOP\">\n<td width=\"162\">Modalverbum<\/td>\n<td width=\"158\">M\u00e5deudsagnsord<\/td>\n<td width=\"149\">\n<p lang=\"en-US\">Modal verb<\/p>\n<\/td>\n<\/tr>\n<tr valign=\"TOP\">\n<td width=\"162\">Neutrum<\/td>\n<td width=\"158\">Intetk\u00f8n<\/td>\n<td width=\"149\">\n<p lang=\"en-US\">The neuter (gender)<\/p>\n<\/td>\n<\/tr>\n<tr valign=\"TOP\">\n<td width=\"162\">Nominativ<\/td>\n<td width=\"158\">N\u00e6vnefald<\/td>\n<td width=\"149\">\n<p lang=\"en-US\">The nominative (case)<\/p>\n<\/td>\n<\/tr>\n<tr valign=\"TOP\">\n<td width=\"162\">Objekt \u2013 direkte<\/td>\n<td width=\"158\">Genstandsled<\/td>\n<td width=\"149\">\n<p lang=\"en-US\">Direct object<\/p>\n<\/td>\n<\/tr>\n<tr valign=\"TOP\">\n<td width=\"162\">Objekt \u2013 indirekte<\/td>\n<td width=\"158\">Hensynsled<\/td>\n<td width=\"149\">\n<p lang=\"en-US\">Indirect object<\/p>\n<\/td>\n<\/tr>\n<tr valign=\"TOP\">\n<td width=\"162\">Passiv<\/td>\n<td width=\"158\">Lideform<\/td>\n<td width=\"149\">\n<p lang=\"en-US\">The passive (voice)<\/p>\n<\/td>\n<\/tr>\n<tr valign=\"TOP\">\n<td width=\"162\">Perfektum<\/td>\n<td width=\"158\">F\u00f8rnutid<\/td>\n<td width=\"149\">\n<p lang=\"en-US\">The perfect (tense)<\/p>\n<\/td>\n<\/tr>\n<tr valign=\"TOP\">\n<td width=\"162\">Perfektum participium<\/td>\n<td width=\"158\">Kort till\u00e6gsform<\/td>\n<td width=\"149\">\n<p lang=\"en-US\">Present participium<\/p>\n<\/td>\n<\/tr>\n<tr valign=\"TOP\">\n<td width=\"162\">Pluralis<\/td>\n<td width=\"158\">Flertal<\/td>\n<td width=\"149\">\n<p lang=\"en-US\">The plural (number)<\/p>\n<\/td>\n<\/tr>\n<tr valign=\"TOP\">\n<td width=\"162\">Plusquamperfektum<\/td>\n<td width=\"158\">F\u00f8rdatid<\/td>\n<td width=\"149\">\n<p lang=\"en-US\">The pluperfect (tense)<\/p>\n<\/td>\n<\/tr>\n<tr valign=\"TOP\">\n<td width=\"162\">Positiv<\/td>\n<td width=\"158\">1. gradb\u00f8jning<\/td>\n<td width=\"149\">\n<p lang=\"en-US\">The positive (degree)<\/p>\n<\/td>\n<\/tr>\n<tr valign=\"TOP\">\n<td width=\"162\">Pronomen<\/td>\n<td width=\"158\">Stedord<\/td>\n<td width=\"149\">\n<p lang=\"en-US\">Pronoun<\/p>\n<\/td>\n<\/tr>\n<tr valign=\"TOP\">\n<td width=\"162\">Pronomen \u2013 personligt<\/td>\n<td width=\"158\">Personligt stedord<\/td>\n<td width=\"149\">\n<p lang=\"en-US\">Personal pronoun<\/p>\n<\/td>\n<\/tr>\n<tr valign=\"TOP\">\n<td width=\"162\">Pronomen \u2013 possessivt<\/td>\n<td width=\"158\">Ejestedord<\/td>\n<td width=\"149\">\n<p lang=\"en-US\">Possessive pronoun<\/p>\n<\/td>\n<\/tr>\n<tr valign=\"TOP\">\n<td width=\"162\">Pronomen \u2013 relativt<\/td>\n<td width=\"158\">Henf\u00f8rende stedord<\/td>\n<td width=\"149\">\n<p lang=\"en-US\">Relative pronoun<\/p>\n<\/td>\n<\/tr>\n<tr valign=\"TOP\">\n<td width=\"162\">Proprium<\/td>\n<td width=\"158\">Egennavn<\/td>\n<td width=\"149\">\n<p lang=\"en-US\"><a href=\"http:\/\/en.wiktionary.org\/wiki\/proper_name\">Proper name<\/a> \/ <a href=\"http:\/\/en.wiktionary.org\/wiki\/proper_noun\">proper noun<\/a><\/p>\n<\/td>\n<\/tr>\n<tr valign=\"TOP\">\n<td width=\"162\">Pr\u00e6dikativ<\/td>\n<td width=\"158\">Omsagnsled<\/td>\n<td width=\"149\">\n<p lang=\"en-US\">Complement<\/p>\n<\/td>\n<\/tr>\n<tr valign=\"TOP\">\n<td width=\"162\">Pr\u00e6position<\/td>\n<td width=\"158\">Forholdsord<\/td>\n<td width=\"149\">\n<p lang=\"en-US\">Preposition<\/p>\n<\/td>\n<\/tr>\n<tr valign=\"TOP\">\n<td width=\"162\">Pr\u00e6sens<\/td>\n<td width=\"158\">Nutid<\/td>\n<td width=\"149\">\n<p lang=\"en-US\">The present (tense)<\/p>\n<\/td>\n<\/tr>\n<tr valign=\"TOP\">\n<td width=\"162\">Pr\u00e6sens participium<\/td>\n<td width=\"158\">Kort till\u00e6gsform<\/td>\n<td width=\"149\">\n<p lang=\"en-US\">Present participium<\/p>\n<\/td>\n<\/tr>\n<tr valign=\"TOP\">\n<td width=\"162\">Pr\u00e6teritum<\/td>\n<td width=\"158\">Datid<\/td>\n<td width=\"149\">\n<p lang=\"en-US\">The past (tense)<\/p>\n<\/td>\n<\/tr>\n<tr valign=\"TOP\">\n<td width=\"162\">Singularis<\/td>\n<td width=\"158\">Ental<\/td>\n<td width=\"149\">\n<p lang=\"en-US\">The singular (number)<\/p>\n<\/td>\n<\/tr>\n<tr valign=\"TOP\">\n<td width=\"162\">Subjekt<\/td>\n<td width=\"158\">Grundled<\/td>\n<td width=\"149\">\n<p lang=\"en-US\">Subject<\/p>\n<\/td>\n<\/tr>\n<tr valign=\"TOP\">\n<td width=\"162\">Subjektspr\u00e6dikativ<\/td>\n<td width=\"158\">Omsagnsled til grundled<\/td>\n<td width=\"149\"><\/td>\n<\/tr>\n<tr valign=\"TOP\">\n<td width=\"162\">Substantiv<\/td>\n<td width=\"158\">Navneord<\/td>\n<td width=\"149\">\n<p lang=\"en-US\">Noun<\/p>\n<\/td>\n<\/tr>\n<tr valign=\"TOP\">\n<td width=\"162\">Superlativ<\/td>\n<td width=\"158\">3. gradb\u00f8jning<\/td>\n<td width=\"149\">\n<p lang=\"en-US\">The superlative (degree)<\/p>\n<\/td>\n<\/tr>\n<tr valign=\"TOP\">\n<td width=\"162\">Verballed<\/td>\n<td width=\"158\">Udsagnsled<\/td>\n<td width=\"149\">\n<p lang=\"en-US\">Sentence verb<\/p>\n<\/td>\n<\/tr>\n<tr valign=\"TOP\">\n<td width=\"162\">Verbum<\/td>\n<td width=\"158\">Udsagnsord<\/td>\n<td width=\"149\">\n<p lang=\"en-US\">Verb<\/p>\n<\/td>\n<\/tr>\n<\/tbody>\n<\/table>\n<h2>References<\/h2>\n<p>Lone H\u00e4ckert, Birgit Lohse, <em>Alles in allem<\/em>, 2008, Gyldendal, pp. 123-124.<\/p>\n<p><a href=\"http:\/\/wiktionary.org\/\">Wiktionary.org<\/a> \u2013 En online ordbog der er skrevet af brugerne. Meget lign. Wikipedia i opbygningen. <a href=\"http:\/\/en.wiktionary.org\/wiki\/Wiktionary:Main_Page\">Den engelske version<\/a> er s\u00e6rligt god, men der findes ogs\u00e5 en <a href=\"http:\/\/da.wiktionary.org\/wiki\/Forside\">dansk<\/a>.<\/p>\n<p><a href=\"http:\/\/en.wikipedia.org\/wiki\/Main_Page\">Wikipedia.org (engelsk)<\/a> \u2013 Hvis man ikke forst\u00e5r en term, s\u00e5 findes der formentlig en forklaring herinde.<\/p>\n<h2>Noter<\/h2>\n<p><a href=\"#sdfootnote1anc\">1<\/a>Ikke at forvirre med den normale betydning af \u201dkonjunktion\u201d i logik.<\/p>\n<p><a href=\"#sdfootnote2anc\">2<\/a>Not to be confused with the common usage of \u201dconjunction\u201d in logic.<\/p>\n","protected":false},"excerpt":{"rendered":"<p>En tabel der viser hvad de forskellige ord hedder p\u00e5 de forskellige &#8216;sprog&#8217;. Listen er udarbejdet efter AIA (se Referencer). Jeg for fors\u00f8gt at overs\u00e6tte disse til engelsk hvor det var muligt. De tomme felter angiver ikke at der ikke findes noget engelsk term, men blot at jeg ikke kender et\/det engelske term for det. [&hellip;]<\/p>\n","protected":false},"author":4,"featured_media":0,"parent":0,"menu_order":0,"comment_status":"open","ping_status":"closed","template":"","meta":{"footnotes":""},"class_list":["post-1712","page","type-page","status-publish","hentry"],"_links":{"self":[{"href":"https:\/\/emilkirkegaard.dk\/da\/index.php?rest_route=\/wp\/v2\/pages\/1712","targetHints":{"allow":["GET"]}}],"collection":[{"href":"https:\/\/emilkirkegaard.dk\/da\/index.php?rest_route=\/wp\/v2\/pages"}],"about":[{"href":"https:\/\/emilkirkegaard.dk\/da\/index.php?rest_route=\/wp\/v2\/types\/page"}],"author":[{"embeddable":true,"href":"https:\/\/emilkirkegaard.dk\/da\/index.php?rest_route=\/wp\/v2\/users\/4"}],"replies":[{"embeddable":true,"href":"https:\/\/emilkirkegaard.dk\/da\/index.php?rest_route=%2Fwp%2Fv2%2Fcomments&post=1712"}],"version-history":[{"count":3,"href":"https:\/\/emilkirkegaard.dk\/da\/index.php?rest_route=\/wp\/v2\/pages\/1712\/revisions"}],"predecessor-version":[{"id":3030,"href":"https:\/\/emilkirkegaard.dk\/da\/index.php?rest_route=\/wp\/v2\/pages\/1712\/revisions\/3030"}],"wp:attachment":[{"href":"https:\/\/emilkirkegaard.dk\/da\/index.php?rest_route=%2Fwp%2Fv2%2Fmedia&parent=1712"}],"curies":[{"name":"wp","href":"https:\/\/api.w.org\/{rel}","templated":true}]}}