{"id":3255,"date":"2016-06-24T20:10:31","date_gmt":"2016-06-24T19:10:31","guid":{"rendered":"http:\/\/emilkirkegaard.dk\/da\/?page_id=3255"},"modified":"2016-06-24T20:12:29","modified_gmt":"2016-06-24T19:12:29","slug":"hadebeskeder","status":"publish","type":"page","link":"https:\/\/emilkirkegaard.dk\/da\/?page_id=3255","title":{"rendered":"Hadebeskeder"},"content":{"rendered":"<p>En ukomplet samling af hadebeskeder jeg har modtaget. D\u00f8m selv.<\/p>\n<p><strong>14. maj 2016 &#8211; Facebook<\/strong><\/p>\n<p>Privatbesked.<\/p>\n<p>Hader: vist et falsk navn<\/p>\n<p>Tidligere kontakt: Ingen, s\u00e5 vidt jeg ved.<\/p>\n<p><a href=\"http:\/\/emilkirkegaard.dk\/da\/?attachment_id=3259\" rel=\"attachment wp-att-3259\"><img loading=\"lazy\" decoding=\"async\" class=\"alignnone size-full wp-image-3259\" src=\"http:\/\/emilkirkegaard.dk\/da\/wp-content\/uploads\/karmus-hade.png\" alt=\"karmus hade\" width=\"528\" height=\"350\" srcset=\"https:\/\/emilkirkegaard.dk\/da\/wp-content\/uploads\/karmus-hade.png 528w, https:\/\/emilkirkegaard.dk\/da\/wp-content\/uploads\/karmus-hade-300x199.png 300w\" sizes=\"auto, (max-width: 528px) 100vw, 528px\" \/><\/a><\/p>\n<p><strong>24. juni 2016 &#8211; Facebook<\/strong><\/p>\n<p><a href=\"https:\/\/www.facebook.com\/torben.andersen.3\/posts\/158262281254565?comment_id=158392101241583&amp;comment_tracking=%7B%22tn%22%3A%22R%22%7D\">Link.<\/a><\/p>\n<p>Hader: <a href=\"https:\/\/www.linkedin.com\/in\/rabiejradi\">Rabie Jradi<\/a>.<\/p>\n<p>Tidligere kontakt: Ingen, s\u00e5 vidt jeg ved.<\/p>\n<p><a href=\"http:\/\/emilkirkegaard.dk\/da\/?attachment_id=3256\" rel=\"attachment wp-att-3256\"><img loading=\"lazy\" decoding=\"async\" class=\"alignnone size-large wp-image-3256\" src=\"http:\/\/emilkirkegaard.dk\/da\/wp-content\/uploads\/Torben_Andersen_-_Forkert_Brian_din_store_kraftidiot._Det_er..._-_2016-06-24_21.07.36-160x1024.png\" alt=\"Torben_Andersen_-_Forkert,_Brian,_din_store_kraftidiot._Det_er..._-_2016-06-24_21.07.36\" width=\"160\" height=\"1024\" srcset=\"https:\/\/emilkirkegaard.dk\/da\/wp-content\/uploads\/Torben_Andersen_-_Forkert_Brian_din_store_kraftidiot._Det_er..._-_2016-06-24_21.07.36-160x1024.png 160w, https:\/\/emilkirkegaard.dk\/da\/wp-content\/uploads\/Torben_Andersen_-_Forkert_Brian_din_store_kraftidiot._Det_er..._-_2016-06-24_21.07.36-47x300.png 47w, https:\/\/emilkirkegaard.dk\/da\/wp-content\/uploads\/Torben_Andersen_-_Forkert_Brian_din_store_kraftidiot._Det_er..._-_2016-06-24_21.07.36.png 507w\" sizes=\"auto, (max-width: 160px) 100vw, 160px\" \/><\/a><\/p>\n<p>&nbsp;<\/p>\n","protected":false},"excerpt":{"rendered":"<p>En ukomplet samling af hadebeskeder jeg har modtaget. D\u00f8m selv. 14. maj 2016 &#8211; Facebook Privatbesked. Hader: vist et falsk navn Tidligere kontakt: Ingen, s\u00e5 vidt jeg ved. 24. juni 2016 &#8211; Facebook Link. Hader: Rabie Jradi. Tidligere kontakt: Ingen, s\u00e5 vidt jeg ved. &nbsp;<\/p>\n","protected":false},"author":4,"featured_media":0,"parent":0,"menu_order":0,"comment_status":"closed","ping_status":"closed","template":"","meta":{"footnotes":""},"class_list":["post-3255","page","type-page","status-publish","hentry"],"_links":{"self":[{"href":"https:\/\/emilkirkegaard.dk\/da\/index.php?rest_route=\/wp\/v2\/pages\/3255","targetHints":{"allow":["GET"]}}],"collection":[{"href":"https:\/\/emilkirkegaard.dk\/da\/index.php?rest_route=\/wp\/v2\/pages"}],"about":[{"href":"https:\/\/emilkirkegaard.dk\/da\/index.php?rest_route=\/wp\/v2\/types\/page"}],"author":[{"embeddable":true,"href":"https:\/\/emilkirkegaard.dk\/da\/index.php?rest_route=\/wp\/v2\/users\/4"}],"replies":[{"embeddable":true,"href":"https:\/\/emilkirkegaard.dk\/da\/index.php?rest_route=%2Fwp%2Fv2%2Fcomments&post=3255"}],"version-history":[{"count":3,"href":"https:\/\/emilkirkegaard.dk\/da\/index.php?rest_route=\/wp\/v2\/pages\/3255\/revisions"}],"predecessor-version":[{"id":3260,"href":"https:\/\/emilkirkegaard.dk\/da\/index.php?rest_route=\/wp\/v2\/pages\/3255\/revisions\/3260"}],"wp:attachment":[{"href":"https:\/\/emilkirkegaard.dk\/da\/index.php?rest_route=%2Fwp%2Fv2%2Fmedia&parent=3255"}],"curies":[{"name":"wp","href":"https:\/\/api.w.org\/{rel}","templated":true}]}}