{"id":79,"date":"2007-12-24T02:27:15","date_gmt":"2007-12-24T01:27:15","guid":{"rendered":"http:\/\/deleet.dk\/?page_id=79"},"modified":"2007-12-24T02:27:15","modified_gmt":"2007-12-24T01:27:15","slug":"online-resurser","status":"publish","type":"page","link":"https:\/\/emilkirkegaard.dk\/da\/?page_id=79","title":{"rendered":"Onlineresurser"},"content":{"rendered":"<p align=\"center\">I mine tekster bruger jeg ord, som ikke er normalt kendte, og som derfor kr\u00e6ver en forklaring. En forklaring kan heldigvis findes p\u00e5 nettet. Her er min liste med gode online resurser:<\/p>\n<p><strong>Ordb\u00f8ger<\/strong><\/p>\n<p><a href=\"http:\/\/dictionary.reference.com\/\">http:\/\/dictionary.reference.com\/<\/a> &#8211;<\/p>\n<p>Engelsk ordbog, virker ogs\u00e5 p\u00e5 mange fremmedord, har ogs\u00e5 en forkortelsess\u00f8gefunktion.<\/p>\n<p><a href=\"http:\/\/www.ordbogen.com\/\">http:\/\/www.ordbogen.com\/<\/a><\/p>\n<p>Dansk-Engelsk\/Engelsk-Dansk ordbog. Er begr\u00e6nset, kun to opslag om dagen (per IP).<\/p>\n<p><strong>Encyklop\u00e6di og lign.<\/strong><\/p>\n<p><a href=\"http:\/\/plato.stanford.edu\/\">http:\/\/plato.stanford.edu\/<\/a><\/p>\n<p>Et rigtigt godt sted at starte med at l\u00e6re bl.a. modallogik.<\/p>\n<p><a href=\"http:\/\/en.wikipedia.org\/wiki\/Main_Page\">http:\/\/en.wikipedia.org\/wiki\/Main_Page<\/a><\/p>\n<p>Den ubestridte vinder, er meget omfangsrig og rimelig p\u00e5lidelig, er dog p\u00e5 engelsk. Wikipedia er din ven.<\/p>\n<p><a href=\"http:\/\/da.wikipedia.org\/wiki\/Forside\">http:\/\/da.wikipedia.org\/wiki\/Forside<\/a><br \/>\nDen danske udgave af wikipedia, er ikke n\u00e6r s\u00e5 omfangsrig og er fyldt med fejl og eller mangler i de filosofiske artikler.<\/p>\n<p><a href=\"http:\/\/leksikon.org\/\">http:\/\/leksikon.org\/<\/a><\/p>\n<p>Dansk online leksikon, har gode artikler om st\u00f8rre emner, s\u00e5som oplysningstiden.<\/p>\n<p><a href=\"http:\/\/skepdic.com\/\">http:\/\/skepdic.com\/<\/a><\/p>\n<p>Engelsk skeptisk leksikon med opslag om en masse paranormale og supernaturlige ting.<\/p>\n<p><a href=\"http:\/\/www.yuni.com\/library\/latin.html\">http:\/\/www.yuni.com\/library\/latin.html<\/a><\/p>\n<p>Engelsk side med en k\u00e6mpe liste med latinske remser, som kan s\u00e6tte prikken over i&#8217;et i en tekst.<\/p>\n<p><a href=\"http:\/\/en.wikiquote.org\/wiki\/Main_Page\">http:\/\/en.wikiquote.org\/wiki\/Main_Page<\/a><\/p>\n<p>Engelsk side om citater. Har du h\u00f8rt et godt citat, og gerne lige vil finde det ordrette version? Eller er du usikker p\u00e5, at citatet virkelig stemmer fra den person du tror det g\u00f8r? S\u00e5 er siden her din ven.<\/p>\n<p><a href=\"http:\/\/www.infidels.org\/library\/modern\/mathew\/logic.html\">http:\/\/www.infidels.org\/library\/modern\/mathew\/logic.html<\/a><\/p>\n<p>En liste over logiske fejl, s\u00e5 man kan s\u00e6tte det helt rigtige navn p\u00e5. Engelsk.<\/p>\n<p><a href=\"http:\/\/talkorigins.org\/\">http:\/\/talkorigins.org\/<\/a><\/p>\n<p>En stor engelsk side, dedikeret til diskussion om evolution vs. kreationisme. Har et modsvar til ca. alle ting en kreationist kan finde p\u00e5 at sige.<\/p>\n<p><a href=\"http:\/\/www.aerenlund.dk\/quotes\/\">http:\/\/www.aerenlund.dk\/quotes\/<\/a><\/p>\n<p>En rigtig stor samling notater.<\/p>\n<p><a href=\"http:\/\/skepticwiki.org\/index.php\/Main_Page\">http:\/\/skepticwiki.org\/index.php\/Main_Page<\/a><\/p>\n<p>Korte gode pr\u00e6cise artikler om bl.a. logik.<\/p>\n<p><strong>L\u00e6sning<\/strong><\/p>\n<p><a href=\"http:\/\/www.ateist.net\/\">http:\/\/www.ateist.net\/<\/a><\/p>\n<p>Dansk side om ateisme, har en masse meget begynder venlige artikler (jeg startede selv med at l\u00e6se dem). For foruden en diskussionsforum.<\/p>\n<p><a href=\"http:\/\/skeptica.dk\/\">http:\/\/skeptica.dk\/<\/a><\/p>\n<p>Dansk skeptisk side, har mange gode artikler om alt muligt overtro.<\/p>\n<p><a href=\"http:\/\/www.sekhum.net\/\">http:\/\/www.sekhum.net\/<\/a><\/p>\n<p>Dansk side om sekul\u00e6r humanisme, har en r\u00e6kke artikler om blandede ting, og et forum.<\/p>\n<p><a href=\"http:\/\/www.infidels.org\/library\/\">http:\/\/www.infidels.org\/library\/<\/a><\/p>\n<p>K\u00e6mpe bibliotek med masser af l\u00e6sestof om alt der relaterer til frit\u00e6nkning. Engelsk.<\/p>\n<p><a href=\"http:\/\/www.evilbible.com\/\">http:\/\/www.evilbible.com\/<\/a><\/p>\n<p>Meget kritisk ateistisk side om biblen, engelsk.<\/p>\n<p><a href=\"http:\/\/home9.inet.tele.dk\/mha\/\">http:\/\/home9.inet.tele.dk\/mha\/<\/a><\/p>\n<p>Den danske version af EmilBible.com<\/p>\n<p><a href=\"http:\/\/skepticsannotatedbible.com\/\">http:\/\/skepticsannotatedbible.com\/<\/a><\/p>\n<p>En mere omfattende gennemgang af hele biblen med skeptiske briller. Engelsk.<\/p>\n<p><a href=\"http:\/\/richarddawkins.net\/\">http:\/\/richarddawkins.net\/<\/a><\/p>\n<p>Officiel hjemmeside for Richard Dawkins, en meget kendt forfatter og fortaler for ateisme og videnskab.<\/p>\n<p><em>Bliver opdateret l\u00f8bende.<\/em><\/p>\n","protected":false},"excerpt":{"rendered":"<p>I mine tekster bruger jeg ord, som ikke er normalt kendte, og som derfor kr\u00e6ver en forklaring. En forklaring kan heldigvis findes p\u00e5 nettet. Her er min liste med gode online resurser: Ordb\u00f8ger http:\/\/dictionary.reference.com\/ &#8211; Engelsk ordbog, virker ogs\u00e5 p\u00e5 mange fremmedord, har ogs\u00e5 en forkortelsess\u00f8gefunktion. http:\/\/www.ordbogen.com\/ Dansk-Engelsk\/Engelsk-Dansk ordbog. Er begr\u00e6nset, kun to opslag om [&hellip;]<\/p>\n","protected":false},"author":4,"featured_media":0,"parent":0,"menu_order":0,"comment_status":"closed","ping_status":"open","template":"","meta":{"footnotes":""},"class_list":["post-79","page","type-page","status-publish","hentry"],"_links":{"self":[{"href":"https:\/\/emilkirkegaard.dk\/da\/index.php?rest_route=\/wp\/v2\/pages\/79","targetHints":{"allow":["GET"]}}],"collection":[{"href":"https:\/\/emilkirkegaard.dk\/da\/index.php?rest_route=\/wp\/v2\/pages"}],"about":[{"href":"https:\/\/emilkirkegaard.dk\/da\/index.php?rest_route=\/wp\/v2\/types\/page"}],"author":[{"embeddable":true,"href":"https:\/\/emilkirkegaard.dk\/da\/index.php?rest_route=\/wp\/v2\/users\/4"}],"replies":[{"embeddable":true,"href":"https:\/\/emilkirkegaard.dk\/da\/index.php?rest_route=%2Fwp%2Fv2%2Fcomments&post=79"}],"version-history":[{"count":0,"href":"https:\/\/emilkirkegaard.dk\/da\/index.php?rest_route=\/wp\/v2\/pages\/79\/revisions"}],"wp:attachment":[{"href":"https:\/\/emilkirkegaard.dk\/da\/index.php?rest_route=%2Fwp%2Fv2%2Fmedia&parent=79"}],"curies":[{"name":"wp","href":"https:\/\/api.w.org\/{rel}","templated":true}]}}