{"id":6742,"date":"2017-05-27T08:18:42","date_gmt":"2017-05-27T07:18:42","guid":{"rendered":"http:\/\/emilkirkegaard.dk\/en\/?page_id=6742"},"modified":"2020-10-05T04:37:29","modified_gmt":"2020-10-05T03:37:29","slug":"in-the-media","status":"publish","type":"page","link":"https:\/\/emilkirkegaard.dk\/en\/in-the-media\/","title":{"rendered":"In the media"},"content":{"rendered":"<p>Some media appearances. Not everything will be listed as most media mentions are just copies of what other media write.<\/p>\n<h3>Talks and interviews &#8212; <a href=\"http:\/\/emilkirkegaard.dk\/en\/?page_id=6743\">see this page<\/a><\/h3>\n<h3>Media mentions by date and topic<\/h3>\n<p>These are in English unless otherwise noted.<\/p>\n<h4>E-democracy using blockchain technology &#8212; May 2014<\/h4>\n<ul>\n<li><a href=\"https:\/\/www.vice.com\/en_us\/article\/8gdxzb\/bitcoin-could-revolutionize-voting\">Vice: Bitcoin Could Revolutionize Voting<\/a><\/li>\n<\/ul>\n<h4>OKCupid dataset release &#8212; May 2016<\/h4>\n<ul>\n<li><a href=\"http:\/\/fortune.com\/2016\/05\/18\/okcupid-data-research\/\">Fortune: Researchers Caused an Uproar By Publishing Data From 70,000 OkCupid Users (neutral)<\/a><\/li>\n<li><a href=\"https:\/\/www.wired.com\/2016\/05\/okcupid-study-reveals-perils-big-data-science\/\">WIRED: OkCupid Study Reveals the Perils of Big-Data Science (negative)<\/a><\/li>\n<li><a href=\"https:\/\/www.forbes.com\/sites\/emmawoollacott\/2016\/05\/13\/intimate-data-of-70000-okcupid-users-released\/#245522d21e15\">Forbes: 70,000 OkCupid Profiles Leaked, Intimate Details And All (mixed?)<\/a><\/li>\n<li><a href=\"https:\/\/motherboard.vice.com\/en_us\/article\/70000-okcupid-users-just-had-their-data-published\">Vice, Motherboard: 70,000 OkCupid Users Just Had Their Data Published (negative)<\/a><\/li>\n<li><a href=\"https:\/\/www.dr.dk\/nyheder\/penge\/dansk-studerende-offentliggoer-70000-brugere-af-datingsite\">(Danish) DR: Dansk studerende offentligg\u00f8r 70.000 brugere af datingsite (neutral)<\/a><\/li>\n<li><a href=\"http:\/\/retractionwatch.com\/2016\/05\/16\/publicly-available-data-on-thousands-of-okcupid-users-pulled-over-copyright-claim\/\">Retraction Watch: Publicly available data on thousands of OKCupid users pulled over copyright claim (neutral)<\/a><\/li>\n<li><a href=\"https:\/\/openpsych.net\/paper\/46\">The actual paper<\/a><\/li>\n<\/ul>\n<p>There are many more on this topic as it was a worldwide media event. Not written in any of the articles is that the Danish Data Protection Agency (Datatilsynet) did look into the matter, but decided not to file any charges against me. Thus, all the media has written is that they were looking into it etc., but not the news that nothing happened. Here&#8217;s the letter from Datatilsynet, along with my clean criminal records:<\/p>\n<ul>\n<li><a href=\"https:\/\/emilkirkegaard.dk\/en\/wp-content\/uploads\/1.1-2016-631-0148-Sagen-afsluttes.pdf\">Letter from Datatilsynet<\/a><\/li>\n<li><a href=\"https:\/\/emilkirkegaard.dk\/en\/wp-content\/uploads\/Digital-straffeattest-ID-1960257-Sprog-Engelsk-2017.pdf\">Criminal record 2017<\/a><\/li>\n<li><a href=\"https:\/\/emilkirkegaard.dk\/en\/wp-content\/uploads\/Digital-straffeattest-ID-2826204-Sprog-Engelsk-2018.pdf\">Criminal record 2018<\/a><\/li>\n<li><a href=\"https:\/\/emilkirkegaard.dk\/en\/wp-content\/uploads\/Digital-straffeattest-ID-4003954-Sprog-Engelsk-2019.pdf\">Criminal record 2019<\/a><\/li>\n<\/ul>\n<p>In 2016 while the media attacks were ongoing I wrote an FAQ detailing answers to various popular questions. <a href=\"https:\/\/docs.google.com\/document\/d\/10WYKoU9EdXxkOtuE4vBVEpdvap8PyW0ZmaUXHxFBiMA\/edit\">It can be found here.<\/a><\/p>\n<h4>Adam Perkins attack affair &#8212; February 2017<\/h4>\n<p>For unknown reasons, some people decided to make up spelling errors and attack Adam Perkins for reposting official labor statistics. Lots of claims about lack of peer review, no source given etc., when it would have taken a total of maybe 5 minutes to find the actual source and verify the numbers. The first plot is not even mine, but was simply reused in my paper. It is from Norwegian &amp; Finnish researchers (<a href=\"http:\/\/www.tandfonline.com\/doi\/abs\/10.1080\/14043858.2014.926062\">Skardhammar et al 2014<\/a>). See also <a href=\"http:\/\/emilkirkegaard.dk\/en\/?p=6916\">here<\/a>.<\/p>\n<ul>\n<li><a href=\"http:\/\/felixonline.co.uk\/news\/6705\/kings-lecturer-sparks-racism-row\/\">King\u2019s lecturer sparks racism row: Racist pseudoscientific tweets cause KCLSU complaint<\/a><\/li>\n<\/ul>\n<h4>The IQ of immigrants &#8212; March-April 2017<\/h4>\n<ul>\n<li><a href=\"http:\/\/www.breizh-info.com\/2017\/03\/14\/64629\/quotient-intellectuel-intelligence-qi-emil-kirkegaard\">(French) Breizh-Info: Emil Kirkegaard : \u00ab Le quotient intellectuel mondial est \u00e0 peu pr\u00e8s de 85 \u00bb (positive)<\/a><\/li>\n<li><a href=\"https:\/\/www.letemps.ch\/sciences\/2017\/04\/07\/laboratoire-fake-science\">(French Swiss) Le Temps: Dans le laboratoire de la \u00abfake science\u00bb (negative)<\/a>\n<ul>\n<li><a href=\"http:\/\/emilkirkegaard.dk\/en\/?page_id=7088\">English translation with commentary<\/a><\/li>\n<\/ul>\n<\/li>\n<\/ul>\n<p>I think the second is a kinda sorta reply to the first, but I don&#8217;t know what the real motive is behind this hit piece. The journalist was deliberately misleading.<\/p>\n<h4>Pseudoscience &#8212; May 2017<\/h4>\n<ul>\n<li><a href=\"http:\/\/www.klassekampen.no\/article\/20170527\/ARTICLE\/170529973\">(Norwegian) Klasskampen: Hva kan vi tro p\u00e5 i 2017? (negative)<\/a><\/li>\n<\/ul>\n<p>Norwegian media researcher\u00a0<a href=\"http:\/\/archive.is\/iIaow\">Petter B. Brandtz\u00e6g<\/a> discusses me as an example of an ideological pseudoscientist. Unclear what prompted this mentioning. Perhaps the above, but seems unlikely given that these were in French.<\/p>\n<h4>London Conference on Intelligence &#8212; December 2017 (ongoing)<\/h4>\n<p>This resulted in a quite large number of media reports, some more inaccurate than others. It began with two people who did some original research: a pair of students at UCL wrote for <em>London Student<\/em>, a student blog\/newspaper. Then a bunch of larger media copied it more or less verbatim, sometimes adding their own variants, sometimes not.<\/p>\n<ul>\n<li><a href=\"https:\/\/londonstudent.coop\/news\/2018\/01\/10\/exposed-london-eugenics-conferences-neo-nazi-links\/\">London Student: Exposed: London\u2019s eugenics conference and its neo-Nazi links (negative)<\/a><\/li>\n<li><a href=\"https:\/\/www.theguardian.com\/education\/2018\/jan\/10\/ucl-to-investigate-secret-eugenics-conference-held-on-campus\">Guardian: UCL to investigate eugenics conference secretly held on campus<\/a> (negative)<\/li>\n<li><a href=\"https:\/\/www.the-scientist.com\/?articles.view\/articleNo\/51323\/title\/Secret-Eugenics-Conference-Uncovered-at-University-College-London\/\">The Scientist: Secret Eugenics Conference Uncovered at University College London (negative)<\/a><\/li>\n<li><a href=\"https:\/\/www.telegraph.co.uk\/education\/2018\/01\/10\/ucl-launches-eugenics-probe-emerges-academic-held-controversial\/\">The Telegraph: UCL launches &#8216;eugenics&#8217; probe after it emerges academic held controversial conference for three years on campus (negative)<\/a><\/li>\n<li><a href=\"http:\/\/www.independent.co.uk\/news\/education\/education-news\/university-college-london-eugenics-probe-secret-conference-campus-ucl-white-supremacists-debate-lci-a8153326.html\">Independent: University College London launches &#8216;eugenics&#8217; probe after controversial conference secretly held on campus (negative)<\/a><\/li>\n<li><a href=\"https:\/\/www.rt.com\/uk\/415595-toby-young-university-eugenics\/\">Russia Today: Shamed Toby Young \u2018attended secret eugenics conference with neo-nazis and pedophiles\u2019<\/a> (negative)<\/li>\n<li><a href=\"http:\/\/www.dailymail.co.uk\/news\/article-5256709\/Top-university-launches-probe-racist-conference.html\">Daily Mail: Top London university launches probe into conference that included speakers with controversial views on race and gender (neutral)<\/a><\/li>\n<li><a href=\"http:\/\/www.vdare.com\/articles\/then-they-came-for-the-london-conference-on-intelligence\">VDARE: Then They Came For The London Conference on Intelligence\u2013And Science, And Free Speech (neutral\/positive)<\/a><\/li>\n<li><a href=\"https:\/\/www.kristeligt-dagblad.dk\/udland\/dansker-deltog-i-kontroversiel-konference-om-racehygiejne\">Kristeligt Dagblad: Dansker deltog i kontroversiel konference om racehygiejne (neutral) (Danish)<\/a><\/li>\n<\/ul>\n<p>Curiously, the Daily Mail&#8217;s coverage was the most neutral and least inaccurate of the English sources. The Danish Christian newspaper&#8217;s coverage was also good.<\/p>\n<h4>Racism coming back \/ Wikipedia as a battleground &#8212; January-March 2018<\/h4>\n<p>Not sure what prompted the SPLC one in particular, perhaps Guardian&#8217;s recent pieces, though I&#8217;m not mentioned directly. These two pieces were written by long-time social justice activists with no science background to speak of, but of course making strong claims about various topics:<\/p>\n<ul>\n<li><a href=\"https:\/\/www.theguardian.com\/commentisfree\/2018\/jan\/22\/eugenics-racism-mainstream-science\">Guardian: Racism is creeping back into mainstream science \u2013 we have to stop it<\/a><\/li>\n<li><a href=\"https:\/\/www.theguardian.com\/news\/2018\/mar\/02\/the-unwelcome-revival-of-race-science\">Guardian: The unwelcome revival of \u2018race science\u2019<\/a><\/li>\n<li><a href=\"https:\/\/www.splcenter.org\/hatewatch\/2018\/03\/12\/wikipedia-wars-inside-fight-against-far-right-editors-vandals-and-sock-puppets\">SPLC: Wikipedia wars: inside the fight against far-right editors, vandals and sock puppets (negative)<\/a><\/li>\n<\/ul>\n<h4>Science denialism in politics &#8212; April 2018<\/h4>\n<p>German magazine <a href=\"https:\/\/de.wikipedia.org\/wiki\/Tichys_Einblick\">Tichys Einblick<\/a> covered some research of mine:<\/p>\n<ul>\n<li>https:\/\/www.tichyseinblick.de\/meinungen\/wissenschaftsfeindlichkeit-von-links-und-rechts\/<\/li>\n<\/ul>\n<h4>Regional social inequality and intelligence &#8212; April 2018<\/h4>\n<p>French right-wing newspaper Breizh-Info has a story on my regional intelligence paper with Lynn and Fuerst (<a href=\"https:\/\/www.researchgate.net\/publication\/324730599_Regional_differences_in_intelligence_in_22_countries_and_their_economic_social_and_demographic_correlates_A_review\">Lynn et al 2018<\/a>):<\/p>\n<ul>\n<li><a href=\"https:\/\/www.breizh-info.com\/2018\/04\/28\/94536\/etude-qi-moyen-departement-francais\">Une \u00e9tude sur le QI moyen de chaque d\u00e9partement fran\u00e7ais (French)<\/a>\n<ul>\n<li>English translation (coming)<\/li>\n<\/ul>\n<\/li>\n<\/ul>\n<p><strong>Noah Carl firing affair &#8212; 2018-2019<\/strong><\/p>\n<p>I am sometimes mentioned in articles covering this:<\/p>\n<ul>\n<li><a href=\"https:\/\/www.varsity.co.uk\/news\/17706\">Varsity: Senior Eddie\u2019s fellow found \u2018potential failures of disclosure\u2019 by Noah Carl during college appointment process<\/a><\/li>\n<li><a href=\"https:\/\/cherwell.org\/2018\/12\/07\/former-nuffield-fellow-denounced-for-racist-pseudoscience\/\">Cherwell: Former Nuffield fellow denounced for \u201cracist pseudoscience\u201d<\/a><\/li>\n<li><a href=\"https:\/\/www.newstatesman.com\/politics\/education\/2018\/12\/no-objecting-cambridge-s-appointment-eugenicist-not-about-free-speech\">New Statesman: No, objecting to Cambridge\u2019s appointment of a eugenicist is not about free speech<\/a><\/li>\n<\/ul>\n<p><strong>Attack piece on Quillette &#8212; December 2019<\/strong><\/p>\n<p>I am tangentially mentioned in this attack piece on Claire Lehmann and Quillette.<\/p>\n<ul>\n<li><a href=\"https:\/\/www.thenation.com\/article\/archive\/quillette-fascist-creep\/\">The Nation: Why Racists (and Liberals!) Keep Writing for &#8216;Quillette&#8217;<\/a><\/li>\n<\/ul>\n<p><strong>Andrew Sabisky affair &#8212; February 2020<\/strong><\/p>\n<p>I am tangentially mentioned in relations to the hire-and-fire case of Andrew Sabisky, who attended the London conference in 2015.<\/p>\n<ul>\n<li>The Independent: <a href=\"https:\/\/www.independent.co.uk\/voices\/eugenics-andrew-sabisky-boris-johnson-downing-street-racism-dominic-cummings-a9341051.html\">I warned about the spreading influence of eugenics \u2013 yet an advocate was able to work at Downing Street<\/a><\/li>\n<\/ul>\n<p><strong>A book few book mentions &#8212; 2018-2019<\/strong><\/p>\n<p>Not exactly media mentions, but mentions of sorts. These are all the book mentions I saw.<\/p>\n<ul>\n<li>\n<div class=\"csl-bib-body\">\n<div class=\"csl-entry\">Dutton, E., &amp; Woodley of Menie, M. A. (2018). <a href=\"https:\/\/www.amazon.com\/At-Our-Wits-End-Intelligent\/dp\/184540985X\"><i>At Our Wits\u2019 End: Why We\u2019re Becoming Less Intelligent and What it Means for the Future<\/i><\/a> (1st Edition). Societas. <a href=\"https:\/\/books.google.dk\/books?id=mnaFDwAAQBAJ&amp;pg=PT140&amp;dq=emil+kirkegaard&amp;hl=en#v=onepage&amp;q=emil%20kirkegaard&amp;f=false\">Google Books<\/a>.<\/div>\n<\/div>\n<\/li>\n<\/ul>\n<blockquote><p>So, let us turn to what is happening, using the example of Denmark. Emil Kirkegaard is a Danish researcher who began his career by doing a degree in linguistics. Indeed, his bachelor\u2019s thesis looks at the exciting issue of Danish spelling reform. However, tiring of the academic quiet life, Kirkegaard has turned to the academic hot potato of group differences in IQ.<\/p><\/blockquote>\n<ul>\n<li>\n<div class=\"gs_citr\" tabindex=\"0\">Rindermann, H. (2018). <i>Cognitive capitalism: Human capital and the wellbeing of nations<\/i>. Cambridge University Press. <a href=\"https:\/\/books.google.dk\/books?id=9ANGDwAAQBAJ&amp;pg=PA355&amp;dq=emil+kirkegaard&amp;hl=en#v=onepage&amp;q=emil%20kirkegaard&amp;f=false\">Google Books<\/a>.<\/div>\n<\/li>\n<\/ul>\n<blockquote><p>Emil Kirkegaard is a young student of linguistics and researcher, born around 1990, who developed together with other scientists a new, peer-reviewed online publication platform. This is an example of citizen science not totally unusual in intelligence research. Intelligence research is attractive to intellectuals from outside the field who pick up research questions that are not sufficiently studied by institutionalised science and frequently disregarded due to political reasons.<\/p><\/blockquote>\n<ul>\n<li>\n<div class=\"gs_citr\" tabindex=\"0\">Salganik, M. J. (2019). <a href=\"https:\/\/press.princeton.edu\/books\/paperback\/9780691149899\/rational-decisions\"><i>Bit by bit: Social research in the digital age<\/i><\/a>. Princeton University Press. <a href=\"https:\/\/books.google.dk\/books?id=58iXDwAAQBAJ&amp;pg=PA350&amp;dq=emil+kirkegaard&amp;hl=en#v=onepage&amp;q=emil%20kirkegaard&amp;f=false\">Google Books<\/a>.<\/div>\n<\/li>\n<\/ul>\n<blockquote><p>On May 8, 2016, two researchers\u2014<em>Emil Kirkegaard<\/em> and Julius Bjerrekaer\u2014<wbr \/>scraped information from the online dating site OkCupid and publicly released a dataset of about 70,000 users, including variables such as username, age, gender,\u00a0&#8230;<\/p><\/blockquote>\n<ul>\n<li>\n<div class=\"gs_citr\" tabindex=\"0\">Saini, A. (2019). <a href=\"https:\/\/www.amazon.com\/b?node=283155\"><i>Superior: the return of race science<\/i><\/a>. Beacon Press. <a href=\"https:\/\/books.google.dk\/books?hl=en&amp;lr=&amp;id=GFuUDwAAQBAJ&amp;oi=fnd&amp;pg=PA1&amp;dq=Superior:+the+return+of+race+science&amp;ots=1eAWoi1KH4&amp;sig=GLbUQRh9sdOOK1xB2ZxA3mL4Zl4&amp;redir_esc=y#v=onepage&amp;q=kirkegaard&amp;f=false\">Google Books<\/a>.<\/div>\n<\/li>\n<\/ul>\n<blockquote><p>Whatever the scientific merits of their work, the researchers in this group were and still are undeniably tight-knit. Most of them are largely unknown outside their circle but highly prolific within it. They have managed to build a thin veneer of scientific credibility that comes from getting published and cited, almost entirely by publishing and citing one another. And they keep finding new outlets for their work. The latest addition to this alliance is Open Differential Psychology, an open-access online journal that claims to have been set up in 2014 by a Danish research fellow at the Ulster Institute of Social Research called Emil Kirkegaard. It includes Gerhard Meisenberg and John Fuerst among its reviewers, and its published papers so far include a study of IQ in Sudan, and of crime among Dutch immigrant groups.<\/p><\/blockquote>\n<div class=\"csl-bib-body\">\n<ul>\n<li class=\"csl-entry\">Richardson, V. J., Teeter, R., &amp; Terrell, K. (2019). <a href=\"https:\/\/www.mheducation.com\/highered\/product\/data-analytics-accounting-richardson-terrell\/M9781260375190.html\"><i>Data analytics for accounting<\/i><\/a>. McGraw-Hill Education.<\/li>\n<\/ul>\n<p>I could not find a copy of this, but seems to use the OKCupid data story as an example.<\/p>\n<\/div>\n<p><strong>Leftist sociology article &#8212; 2020<\/strong><\/p>\n<p>A weird kind of attention, but surprisingly accurate. <a href=\"https:\/\/emilkirkegaard.dk\/en\/?p=8688\">See also this post on the same guy<\/a>.<\/p>\n<ul>\n<li>\n<div class=\"gs_citr\" tabindex=\"0\">Iturriaga, N., Panofsky, A., &amp; Dasgupta, K. (2020). <a href=\"https:\/\/onlinelibrary.wiley.com\/doi\/10.1002\/ajpa.24150\">How white nationalists mobilize genetics: From genetic ancestry and human biodiversity to counterscience and metapolitics<\/a>. <i>American Journal of Physical Anthropology<\/i>.<\/div>\n<\/li>\n<\/ul>\n<blockquote><p>In other contexts, DIY biologists (Patterson, 2010), have rejected precautionary admonitions as tools of professionals to patronize amateurs and stifle their creativity. This can be seen in, Kirkegaard&#8217;s (2015) call for behavioral geneticists to publish polygenic scores for educational attainment for different racial groups. Geneticists have argued such comparisons are invalid, likely reflecting population stratification and different environments than different genetic endowments for education (Duncan et al., 2019; Novembre &amp; Barton, 2018). Kirkegaard agrees such cautions \u201cshould be taken into account when interpreting the results, but is not sufficient for not showing the results\u201d (3) he then accuses researchers of not publishing the data for political reasons. But his interests aren&#8217;t purely intellectual; such information, he argues, would be necessary for eugenic programs of selective abortion or genetic engineering to improve cognitive outcomes. In contrast to the relative caution of professional geneticists, the energy of this group of amateur researchers comes from the bold,unconventional (many would say fictitious) statistics and provocative interpretations.<\/p>\n<p>&#8230;<\/p>\n<p>These efforts have begun to pay off in terms of pushing their ideas into mainstream American Psychological Association journals such as Intelligence and Evolutionary Behavioral Sciences. Consider for example, a recent article\u201cPolygenic scores mediate the Jewish phenotypic advantage in educational attainment and cognitive ability com-pared with Catholics and Lutherans \u201din Evolutionary Behavioral Sciences\u00a0 (Dunkel, Woodley of Menie, Pallesen,, &amp; Kirkegaard, 2019). Its first author, Curtis Dunkel is a psychologist at Western Illinois University, the other three fit the amateur designation: Michael Woodley of Menie is listed as an affiliate with the far right Unz Foundation, and Jonatan Pallesen and Kirkegaard list no affiliation. The article draws on polygenic scores for IQ from the Wisconsin Longitudinal Study comparing Jews to Catholics and Protestants. They claim that Jews&#8217; higher polygenic scores cause them to have an IQ advantage. This was rebutted by a group of sociogenomics researchers who showed that given the polygenic score of the Jewish group, their IQ should actually be four standard deviations above non-Jews not slightly above average as it is. This means the polygenic score is actually a function of population stratification and the direct comparison that Dunkel et al. made is fallacious: \u201cThe obvious danger of na\u00efve efforts to use polygenic scores is that the influence of various sorts of social differences will be misidentified as genetic influences\u201d (Freese, Domingue, Trejo, Sicinski, &amp; Herd, 2019).<\/p><\/blockquote>\n<p><a href=\"https:\/\/emilkirkegaard.dk\/en\/?p=7680\">For more on our paper, see the FAQ.<\/a> Actually, Woodley and Pallesen are both PhDs, and Woodley has an affiliation at a university, listed in the paper &#8220;Vrije Universiteit Brussel and Unz Foundation&#8221;, of which Panofsky strangely omits the first part. \ud83d\ude43<\/p>\n<h3>Other weird stuff (no particular date)<\/h3>\n<p>Stuff that didn&#8217;t really fit in above, but was curious enough to save.<\/p>\n<ul>\n<li><a href=\"http:\/\/archive.is\/wJJSC\">Some people on a pro-European forum try to guess my ancestry from a picture.<\/a>\u00a0\ud83e\udd14<\/li>\n<\/ul>\n","protected":false},"excerpt":{"rendered":"<p>Some media appearances. Not everything will be listed as most media mentions are just copies of what other media write. Talks and interviews &#8212; see this page Media mentions by date and topic These are in English unless otherwise noted. E-democracy using blockchain technology &#8212; May 2014 Vice: Bitcoin Could Revolutionize Voting OKCupid dataset release [&hellip;]<\/p>\n","protected":false},"author":17,"featured_media":0,"parent":0,"menu_order":0,"comment_status":"closed","ping_status":"closed","template":"","meta":{"footnotes":""},"class_list":["post-6742","page","type-page","status-publish","hentry","entry"],"_links":{"self":[{"href":"https:\/\/emilkirkegaard.dk\/en\/wp-json\/wp\/v2\/pages\/6742","targetHints":{"allow":["GET"]}}],"collection":[{"href":"https:\/\/emilkirkegaard.dk\/en\/wp-json\/wp\/v2\/pages"}],"about":[{"href":"https:\/\/emilkirkegaard.dk\/en\/wp-json\/wp\/v2\/types\/page"}],"author":[{"embeddable":true,"href":"https:\/\/emilkirkegaard.dk\/en\/wp-json\/wp\/v2\/users\/17"}],"replies":[{"embeddable":true,"href":"https:\/\/emilkirkegaard.dk\/en\/wp-json\/wp\/v2\/comments?post=6742"}],"version-history":[{"count":15,"href":"https:\/\/emilkirkegaard.dk\/en\/wp-json\/wp\/v2\/pages\/6742\/revisions"}],"predecessor-version":[{"id":9044,"href":"https:\/\/emilkirkegaard.dk\/en\/wp-json\/wp\/v2\/pages\/6742\/revisions\/9044"}],"wp:attachment":[{"href":"https:\/\/emilkirkegaard.dk\/en\/wp-json\/wp\/v2\/media?parent=6742"}],"curies":[{"name":"wp","href":"https:\/\/api.w.org\/{rel}","templated":true}]}}